{"id":628,"date":"2025-04-15T10:02:02","date_gmt":"2025-04-15T10:02:02","guid":{"rendered":"https:\/\/jfv-oberland.de\/?page_id=628"},"modified":"2025-09-18T10:16:05","modified_gmt":"2025-09-18T10:16:05","slug":"praevention-interpersoneller-gewalt","status":"publish","type":"page","link":"https:\/\/jfv-oberland.de\/?page_id=628","title":{"rendered":"Pr\u00e4vention interpersoneller Gewalt"},"content":{"rendered":"\n<p><\/p>\n\n\n\n<div class=\"wp-block-media-text is-stacked-on-mobile\" style=\"grid-template-columns:26% auto\"><figure class=\"wp-block-media-text__media\"><img loading=\"lazy\" decoding=\"async\" width=\"430\" height=\"600\" src=\"https:\/\/jfv-oberland.de\/wp-content\/uploads\/2025\/04\/v69vas1i.png\" alt=\"\" class=\"wp-image-630 size-full\" srcset=\"https:\/\/jfv-oberland.de\/wp-content\/uploads\/2025\/04\/v69vas1i.png 430w, https:\/\/jfv-oberland.de\/wp-content\/uploads\/2025\/04\/v69vas1i-215x300.png 215w\" sizes=\"auto, (max-width: 430px) 100vw, 430px\" \/><\/figure><div class=\"wp-block-media-text__content\">\n<p>Der Verein distanziert sich ausdr\u00fccklich von jeder Form interpersoneller Gewalt.<\/p>\n\n\n\n<p>Alle Jugendtrainer\/innen m\u00fcssen zu Beginn ihrer T\u00e4tigkeit und dann im Abstand von jeweils 2 Jahren ein erweitertes F\u00fchrungszeugnis vorlegen.<\/p>\n<\/div><\/div>\n\n\n\n<p>Weitere Teile des Pr\u00e4ventionskonzepts sind u.a.:<br>&#8211; Prinzip der offenen Halle (alle Eltern k\u00f6nnen jederzeit zuschauen)<br>&#8211; keine Erwachsenen (auch keine Eltern) in den Umkleiden\/Duschen<br>&#8211; Ansprechpartnerin bei Beschwerden: Nafi Asatekin (nafi@jfv-oberland.de)<\/p>\n\n\n\n<p><\/p>\n","protected":false},"excerpt":{"rendered":"<p>Der Verein distanziert sich ausdr\u00fccklich von jeder Form interpersoneller Gewalt. Alle Jugendtrainer\/innen m\u00fcssen zu Beginn ihrer T\u00e4tigkeit und dann im Abstand von jeweils 2 Jahren ein erweitertes F\u00fchrungszeugnis vorlegen. Weitere Teile des Pr\u00e4ventionskonzepts sind u.a.:&#8211; Prinzip der offenen Halle (alle Eltern k\u00f6nnen jederzeit zuschauen)&#8211; keine Erwachsenen (auch keine Eltern) in den Umkleiden\/Duschen&#8211; Ansprechpartnerin bei Beschwerden: &hellip; <\/p>\n<p class=\"link-more\"><a href=\"https:\/\/jfv-oberland.de\/?page_id=628\" class=\"more-link\"><span class=\"screen-reader-text\">\u201ePr\u00e4vention interpersoneller Gewalt\u201c <\/span>weiterlesen<\/a><\/p>\n","protected":false},"author":1,"featured_media":632,"parent":0,"menu_order":0,"comment_status":"closed","ping_status":"closed","template":"","meta":{"footnotes":""},"class_list":["post-628","page","type-page","status-publish","has-post-thumbnail","hentry"],"aioseo_notices":[],"amp_enabled":true,"_links":{"self":[{"href":"https:\/\/jfv-oberland.de\/index.php?rest_route=\/wp\/v2\/pages\/628","targetHints":{"allow":["GET"]}}],"collection":[{"href":"https:\/\/jfv-oberland.de\/index.php?rest_route=\/wp\/v2\/pages"}],"about":[{"href":"https:\/\/jfv-oberland.de\/index.php?rest_route=\/wp\/v2\/types\/page"}],"author":[{"embeddable":true,"href":"https:\/\/jfv-oberland.de\/index.php?rest_route=\/wp\/v2\/users\/1"}],"replies":[{"embeddable":true,"href":"https:\/\/jfv-oberland.de\/index.php?rest_route=%2Fwp%2Fv2%2Fcomments&post=628"}],"version-history":[{"count":5,"href":"https:\/\/jfv-oberland.de\/index.php?rest_route=\/wp\/v2\/pages\/628\/revisions"}],"predecessor-version":[{"id":644,"href":"https:\/\/jfv-oberland.de\/index.php?rest_route=\/wp\/v2\/pages\/628\/revisions\/644"}],"wp:featuredmedia":[{"embeddable":true,"href":"https:\/\/jfv-oberland.de\/index.php?rest_route=\/wp\/v2\/media\/632"}],"wp:attachment":[{"href":"https:\/\/jfv-oberland.de\/index.php?rest_route=%2Fwp%2Fv2%2Fmedia&parent=628"}],"curies":[{"name":"wp","href":"https:\/\/api.w.org\/{rel}","templated":true}]}}