{"id":68,"date":"2020-07-04T15:03:15","date_gmt":"2020-07-04T15:03:15","guid":{"rendered":"http:\/\/jfv-oberland.de\/?page_id=68"},"modified":"2026-01-20T17:23:51","modified_gmt":"2026-01-20T17:23:51","slug":"home","status":"publish","type":"page","link":"https:\/\/jfv-oberland.de\/","title":{"rendered":"\u00dcber uns"},"content":{"rendered":"\n<p><a href=\"https:\/\/jfv-oberland.de\/wp-content\/uploads\/2022\/06\/Einladung-MV-2022.pdf\"><\/a><\/p>\n\n\n\n<div class=\"wp-block-media-text alignwide is-stacked-on-mobile\" style=\"grid-template-columns:35% auto\"><figure class=\"wp-block-media-text__media\"><img loading=\"lazy\" decoding=\"async\" width=\"833\" height=\"916\" src=\"https:\/\/jfv-oberland.de\/wp-content\/uploads\/2026\/01\/Logo-JFV-Pinguin-klein.png\" alt=\"\" class=\"wp-image-681 size-full\" srcset=\"https:\/\/jfv-oberland.de\/wp-content\/uploads\/2026\/01\/Logo-JFV-Pinguin-klein.png 833w, https:\/\/jfv-oberland.de\/wp-content\/uploads\/2026\/01\/Logo-JFV-Pinguin-klein-273x300.png 273w, https:\/\/jfv-oberland.de\/wp-content\/uploads\/2026\/01\/Logo-JFV-Pinguin-klein-768x845.png 768w\" sizes=\"auto, (max-width: 767px) 89vw, (max-width: 1000px) 54vw, (max-width: 1071px) 543px, 580px\" \/><\/figure><div class=\"wp-block-media-text__content\">\n<p class=\"has-text-align-right\">Wir sind ein gemeinn\u00fctziger Verein, dessen Satzungsziele die <strong>Jugendhilfe, Erziehung und Sportf\u00f6rderung<\/strong> sind und unsere Jugend ist \u00f6ffentlich anerkannter Tr\u00e4ger der freien Jugendhilfe gem. \u00a7 75 SGB VIII. Junge Menschen sollen zur Selbstbestimmung bef\u00e4higt und zu gesellschaftlicher Mitverantwortung und sozialem Engagement angeregt und hingef\u00fchrt werden. Zur Umsetzung dieser Ziele sind wir zum einen als F\u00f6rderverein f\u00fcr andere gemeinn\u00fctzige Vereine im Oberland t\u00e4tig und bieten selber in Zusammenarbeit mit u.a. der <a href=\"http:\/\/www.bsj.org\/\">Bayerischen Sportjugend im BLSV e.V.<\/a> und der <a href=\"http:\/\/www.bzga.de\/\">Bundeszentrale f\u00fcr gesundheitliche Aufkl\u00e4rung<\/a> Ma\u00dfnahmen in folgenden Bereichen an:<\/p>\n<\/div><\/div>\n\n\n\n<ul class=\"wp-block-list\">\n<li>zur <a href=\"http:\/\/www.kinderstarkmachen.de\">Drogen\/Alkoholpr\u00e4vention<\/a> durch Pers\u00f6nlichkeitsentwicklung<br> <img loading=\"lazy\" decoding=\"async\" width=\"200\" height=\"283\" class=\"wp-image-559\" style=\"width: 200px;\" src=\"https:\/\/jfv-oberland.de\/wp-content\/uploads\/2024\/01\/Kinder-stark-machen.jpg\" alt=\"\" srcset=\"https:\/\/jfv-oberland.de\/wp-content\/uploads\/2024\/01\/Kinder-stark-machen.jpg 1654w, https:\/\/jfv-oberland.de\/wp-content\/uploads\/2024\/01\/Kinder-stark-machen-212x300.jpg 212w, https:\/\/jfv-oberland.de\/wp-content\/uploads\/2024\/01\/Kinder-stark-machen-724x1024.jpg 724w, https:\/\/jfv-oberland.de\/wp-content\/uploads\/2024\/01\/Kinder-stark-machen-768x1086.jpg 768w, https:\/\/jfv-oberland.de\/wp-content\/uploads\/2024\/01\/Kinder-stark-machen-1086x1536.jpg 1086w, https:\/\/jfv-oberland.de\/wp-content\/uploads\/2024\/01\/Kinder-stark-machen-1448x2048.jpg 1448w\" sizes=\"auto, (max-width: 200px) 100vw, 200px\" \/> <img decoding=\"async\" class=\"wp-image-463\" style=\"width: NaNpx;\" src=\"https:\/\/jfv-oberland.de\/wp-content\/uploads\/2022\/09\/Urkunde-Alkoholfrei-Sport-geniessen.pdf\" alt=\"\"><img loading=\"lazy\" decoding=\"async\" width=\"200\" height=\"283\" class=\"wp-image-465\" style=\"width: 200px;\" src=\"https:\/\/jfv-oberland.de\/wp-content\/uploads\/2022\/09\/Urkunde-Alkoholfrei-Sport-geniessen.jpg\" alt=\"\" srcset=\"https:\/\/jfv-oberland.de\/wp-content\/uploads\/2022\/09\/Urkunde-Alkoholfrei-Sport-geniessen.jpg 1654w, https:\/\/jfv-oberland.de\/wp-content\/uploads\/2022\/09\/Urkunde-Alkoholfrei-Sport-geniessen-212x300.jpg 212w, https:\/\/jfv-oberland.de\/wp-content\/uploads\/2022\/09\/Urkunde-Alkoholfrei-Sport-geniessen-724x1024.jpg 724w, https:\/\/jfv-oberland.de\/wp-content\/uploads\/2022\/09\/Urkunde-Alkoholfrei-Sport-geniessen-768x1086.jpg 768w, https:\/\/jfv-oberland.de\/wp-content\/uploads\/2022\/09\/Urkunde-Alkoholfrei-Sport-geniessen-1086x1536.jpg 1086w, https:\/\/jfv-oberland.de\/wp-content\/uploads\/2022\/09\/Urkunde-Alkoholfrei-Sport-geniessen-1448x2048.jpg 1448w\" sizes=\"auto, (max-width: 200px) 100vw, 200px\" \/><\/li>\n\n\n\n<li>zur Pr\u00e4vention sexualisierter Gewalt <a href=\"http:\/\/www.trau-dich.de\">allgemein <\/a>und insb. im <a href=\"https:\/\/bsj.org\/index.php?id=6871\">Sport<\/a> <br> <img loading=\"lazy\" decoding=\"async\" width=\"170\" height=\"225\" class=\"wp-image-29\" style=\"width: 170px;\" src=\"https:\/\/jfv-oberland.de\/wp-content\/uploads\/2020\/06\/Pr\u00e4vention-sex-Gewalt.jpg\" alt=\"\" srcset=\"https:\/\/jfv-oberland.de\/wp-content\/uploads\/2020\/06\/Pr\u00e4vention-sex-Gewalt.jpg 606w, https:\/\/jfv-oberland.de\/wp-content\/uploads\/2020\/06\/Pr\u00e4vention-sex-Gewalt-227x300.jpg 227w, https:\/\/jfv-oberland.de\/wp-content\/uploads\/2020\/06\/Pr\u00e4vention-sex-Gewalt-484x640.jpg 484w\" sizes=\"auto, (max-width: 170px) 100vw, 170px\" \/>  <img loading=\"lazy\" decoding=\"async\" width=\"170\" height=\"243\" class=\"wp-image-30\" style=\"width: 170px;\" src=\"https:\/\/jfv-oberland.de\/wp-content\/uploads\/2020\/06\/trau-dich.jpg\" alt=\"\" srcset=\"https:\/\/jfv-oberland.de\/wp-content\/uploads\/2020\/06\/trau-dich.jpg 475w, https:\/\/jfv-oberland.de\/wp-content\/uploads\/2020\/06\/trau-dich-210x300.jpg 210w, https:\/\/jfv-oberland.de\/wp-content\/uploads\/2020\/06\/trau-dich-448x640.jpg 448w\" sizes=\"auto, (max-width: 170px) 100vw, 170px\" \/><\/li>\n\n\n\n<li>zur Nacharbeitung von Schulstoff in kleinen Lerngruppen<br><img loading=\"lazy\" decoding=\"async\" width=\"250\" height=\"157\" class=\"wp-image-138\" style=\"width: 250px;\" src=\"https:\/\/jfv-oberland.de\/wp-content\/uploads\/2020\/08\/Nachhilfe-e1597493635655.jpg\" alt=\"\" srcset=\"https:\/\/jfv-oberland.de\/wp-content\/uploads\/2020\/08\/Nachhilfe-e1597493635655.jpg 1080w, https:\/\/jfv-oberland.de\/wp-content\/uploads\/2020\/08\/Nachhilfe-e1597493635655-300x188.jpg 300w, https:\/\/jfv-oberland.de\/wp-content\/uploads\/2020\/08\/Nachhilfe-e1597493635655-1024x642.jpg 1024w, https:\/\/jfv-oberland.de\/wp-content\/uploads\/2020\/08\/Nachhilfe-e1597493635655-768x481.jpg 768w\" sizes=\"auto, (max-width: 250px) 100vw, 250px\" \/>              <img loading=\"lazy\" decoding=\"async\" width=\"250\" height=\"116\" class=\"wp-image-35\" style=\"width: 250px;\" src=\"https:\/\/jfv-oberland.de\/wp-content\/uploads\/2020\/06\/BB-Wurf.png\" alt=\"\" srcset=\"https:\/\/jfv-oberland.de\/wp-content\/uploads\/2020\/06\/BB-Wurf.png 610w, https:\/\/jfv-oberland.de\/wp-content\/uploads\/2020\/06\/BB-Wurf-300x139.png 300w\" sizes=\"auto, (max-width: 250px) 100vw, 250px\" \/><\/li>\n\n\n\n<li>Artikulation jugendpolitischer Forderungen bei Entscheidungstr\u00e4gern (hier: 1. B\u00fcrgermeister Dr. Braunmiller, Stadt Miesbach)<br> <img loading=\"lazy\" decoding=\"async\" width=\"300\" height=\"192\" class=\"wp-image-130\" style=\"width: 300px;\" src=\"https:\/\/jfv-oberland.de\/wp-content\/uploads\/2020\/08\/B\u00fcrgermeister-2-scaled.jpg\" alt=\"\" srcset=\"https:\/\/jfv-oberland.de\/wp-content\/uploads\/2020\/08\/B\u00fcrgermeister-2-scaled.jpg 2560w, https:\/\/jfv-oberland.de\/wp-content\/uploads\/2020\/08\/B\u00fcrgermeister-2-300x192.jpg 300w, https:\/\/jfv-oberland.de\/wp-content\/uploads\/2020\/08\/B\u00fcrgermeister-2-1024x656.jpg 1024w, https:\/\/jfv-oberland.de\/wp-content\/uploads\/2020\/08\/B\u00fcrgermeister-2-768x492.jpg 768w, https:\/\/jfv-oberland.de\/wp-content\/uploads\/2020\/08\/B\u00fcrgermeister-2-1536x983.jpg 1536w, https:\/\/jfv-oberland.de\/wp-content\/uploads\/2020\/08\/B\u00fcrgermeister-2-2048x1311.jpg 2048w\" sizes=\"auto, (max-width: 300px) 100vw, 300px\" \/><\/li>\n<\/ul>\n\n\n\n<p>Au\u00dferdem bietet der Verein selber Basketball-Sport f\u00fcr Jungs und M\u00e4dchen in Miesbach an, in denen der Teamgedanke, die Pers\u00f6nlichkeitsentwicklung der jungen Menschen und der Pr\u00e4ventionsgedanke im Vordergrund stehen.<\/p>\n\n\n\n<p>Nicht zuletzt unterst\u00fctzt der Verein die Ausbildung junger Menschen zu Jugendleiter\/innen, Trainer\/innen, Schiedsrichter\/innen. <\/p>\n\n\n\n<p><\/p>\n\n\n\n<p><a href=\"https:\/\/www.instagram.com\/jfv_oberland_e.v\/\">https:\/\/www.instagram.com\/jfv_oberland_e.v\/<\/a><\/p>\n","protected":false},"excerpt":{"rendered":"<p>Wir sind ein gemeinn\u00fctziger Verein, dessen Satzungsziele die Jugendhilfe, Erziehung und Sportf\u00f6rderung sind und unsere Jugend ist \u00f6ffentlich anerkannter Tr\u00e4ger der freien Jugendhilfe gem. \u00a7 75 SGB VIII. Junge Menschen sollen zur Selbstbestimmung bef\u00e4higt und zu gesellschaftlicher Mitverantwortung und sozialem Engagement angeregt und hingef\u00fchrt werden. Zur Umsetzung dieser Ziele sind wir zum einen als F\u00f6rderverein &hellip; <\/p>\n<p class=\"link-more\"><a href=\"https:\/\/jfv-oberland.de\/\" class=\"more-link\"><span class=\"screen-reader-text\">\u201e\u00dcber uns\u201c <\/span>weiterlesen<\/a><\/p>\n","protected":false},"author":1,"featured_media":0,"parent":0,"menu_order":0,"comment_status":"closed","ping_status":"closed","template":"","meta":{"footnotes":""},"class_list":["post-68","page","type-page","status-publish","hentry"],"aioseo_notices":[],"amp_enabled":true,"_links":{"self":[{"href":"https:\/\/jfv-oberland.de\/index.php?rest_route=\/wp\/v2\/pages\/68","targetHints":{"allow":["GET"]}}],"collection":[{"href":"https:\/\/jfv-oberland.de\/index.php?rest_route=\/wp\/v2\/pages"}],"about":[{"href":"https:\/\/jfv-oberland.de\/index.php?rest_route=\/wp\/v2\/types\/page"}],"author":[{"embeddable":true,"href":"https:\/\/jfv-oberland.de\/index.php?rest_route=\/wp\/v2\/users\/1"}],"replies":[{"embeddable":true,"href":"https:\/\/jfv-oberland.de\/index.php?rest_route=%2Fwp%2Fv2%2Fcomments&post=68"}],"version-history":[{"count":43,"href":"https:\/\/jfv-oberland.de\/index.php?rest_route=\/wp\/v2\/pages\/68\/revisions"}],"predecessor-version":[{"id":684,"href":"https:\/\/jfv-oberland.de\/index.php?rest_route=\/wp\/v2\/pages\/68\/revisions\/684"}],"wp:attachment":[{"href":"https:\/\/jfv-oberland.de\/index.php?rest_route=%2Fwp%2Fv2%2Fmedia&parent=68"}],"curies":[{"name":"wp","href":"https:\/\/api.w.org\/{rel}","templated":true}]}}